{"id":15,"date":"2023-09-30T16:07:12","date_gmt":"2023-09-30T20:07:12","guid":{"rendered":"https:\/\/inaebolivia.com\/webmain\/?page_id=15"},"modified":"2023-09-30T16:07:12","modified_gmt":"2023-09-30T20:07:12","slug":"contacto","status":"publish","type":"page","link":"https:\/\/inaebolivia.com\/webmain\/contacto\/","title":{"rendered":"Contacto"},"content":{"rendered":"\n<p>Esta es una p\u00e1gina con informaci\u00f3n de contacto b\u00e1sica, como la direcci\u00f3n y el n\u00famero de tel\u00e9fono. Incluso puedes probar un plugin para a\u00f1adir un formulario de contacto.<\/p>\n","protected":false},"excerpt":{"rendered":"<p>Esta es una p\u00e1gina con informaci\u00f3n de contacto b\u00e1sica, como la direcci\u00f3n y el n\u00famero de tel\u00e9fono. Incluso puedes probar un plugin para a\u00f1adir un formulario de contacto.<\/p>\n","protected":false},"author":1,"featured_media":0,"parent":0,"menu_order":0,"comment_status":"closed","ping_status":"closed","template":"","meta":{"inspiro_hide_title":false,"footnotes":""},"class_list":["post-15","page","type-page","status-publish","hentry"],"_links":{"self":[{"href":"https:\/\/inaebolivia.com\/webmain\/wp-json\/wp\/v2\/pages\/15","targetHints":{"allow":["GET"]}}],"collection":[{"href":"https:\/\/inaebolivia.com\/webmain\/wp-json\/wp\/v2\/pages"}],"about":[{"href":"https:\/\/inaebolivia.com\/webmain\/wp-json\/wp\/v2\/types\/page"}],"author":[{"embeddable":true,"href":"https:\/\/inaebolivia.com\/webmain\/wp-json\/wp\/v2\/users\/1"}],"replies":[{"embeddable":true,"href":"https:\/\/inaebolivia.com\/webmain\/wp-json\/wp\/v2\/comments?post=15"}],"version-history":[{"count":1,"href":"https:\/\/inaebolivia.com\/webmain\/wp-json\/wp\/v2\/pages\/15\/revisions"}],"predecessor-version":[{"id":22,"href":"https:\/\/inaebolivia.com\/webmain\/wp-json\/wp\/v2\/pages\/15\/revisions\/22"}],"wp:attachment":[{"href":"https:\/\/inaebolivia.com\/webmain\/wp-json\/wp\/v2\/media?parent=15"}],"curies":[{"name":"wp","href":"https:\/\/api.w.org\/{rel}","templated":true}]}}